{"id":4050,"date":"2021-08-15T16:45:09","date_gmt":"2021-08-15T16:45:09","guid":{"rendered":"https:\/\/drogueriapyz.com\/?page_id=4050"},"modified":"2026-03-31T23:08:49","modified_gmt":"2026-03-31T23:08:49","slug":"consumibles-espirometria","status":"publish","type":"page","link":"https:\/\/drogueriapyz.com\/?page_id=4050","title":{"rendered":"Consumibles Espirometr\u00eda"},"content":{"rendered":"\t\t<div data-elementor-type=\"wp-page\" data-elementor-id=\"4050\" class=\"elementor elementor-4050\">\n\t\t\t\t\t\t<section class=\"elementor-section elementor-top-section elementor-element elementor-element-05017f3 elementor-section-boxed elementor-section-height-default elementor-section-height-default\" data-id=\"05017f3\" data-element_type=\"section\" data-e-type=\"section\" data-settings=\"{&quot;background_background&quot;:&quot;classic&quot;}\">\n\t\t\t\t\t\t<div class=\"elementor-container elementor-column-gap-default\">\n\t\t\t\t\t<div class=\"elementor-column elementor-col-25 elementor-top-column elementor-element elementor-element-6318b5be\" data-id=\"6318b5be\" data-element_type=\"column\" data-e-type=\"column\" data-settings=\"{&quot;background_background&quot;:&quot;classic&quot;}\">\n\t\t\t<div class=\"elementor-widget-wrap\">\n\t\t\t\t\t\t\t<\/div>\n\t\t<\/div>\n\t\t\t\t<div class=\"elementor-column elementor-col-25 elementor-top-column elementor-element elementor-element-59448c8\" data-id=\"59448c8\" data-element_type=\"column\" data-e-type=\"column\" data-settings=\"{&quot;background_background&quot;:&quot;classic&quot;}\">\n\t\t\t<div class=\"elementor-widget-wrap elementor-element-populated\">\n\t\t\t\t\t\t<div class=\"elementor-element elementor-element-654a57e elementor-widget elementor-widget-image\" data-id=\"654a57e\" data-element_type=\"widget\" data-e-type=\"widget\" data-widget_type=\"image.default\">\n\t\t\t\t<div class=\"elementor-widget-container\">\n\t\t\t\t\t\t\t\t\t\t\t\t\t\t\t\t<a href=\"https:\/\/drogueriapyz.com\/filtro-bacteriano\/\">\n\t\t\t\t\t\t\t<img fetchpriority=\"high\" decoding=\"async\" width=\"1000\" height=\"1000\" src=\"https:\/\/drogueriapyz.com\/wp-content\/uploads\/2021\/06\/filtro-bacteriano-veridico.jpg\" class=\"elementor-animation-shrink attachment-large size-large wp-image-3319\" alt=\"filtro bacteriano en Per\u00fa\" srcset=\"https:\/\/drogueriapyz.com\/wp-content\/uploads\/2021\/06\/filtro-bacteriano-veridico.jpg 1000w, https:\/\/drogueriapyz.com\/wp-content\/uploads\/2021\/06\/filtro-bacteriano-veridico-300x300.jpg 300w, https:\/\/drogueriapyz.com\/wp-content\/uploads\/2021\/06\/filtro-bacteriano-veridico-150x150.jpg 150w, https:\/\/drogueriapyz.com\/wp-content\/uploads\/2021\/06\/filtro-bacteriano-veridico-768x768.jpg 768w, https:\/\/drogueriapyz.com\/wp-content\/uploads\/2021\/06\/filtro-bacteriano-veridico-500x500.jpg 500w, https:\/\/drogueriapyz.com\/wp-content\/uploads\/2021\/06\/filtro-bacteriano-veridico-700x700.jpg 700w, https:\/\/drogueriapyz.com\/wp-content\/uploads\/2021\/06\/filtro-bacteriano-veridico-100x100.jpg 100w, https:\/\/drogueriapyz.com\/wp-content\/uploads\/2021\/06\/filtro-bacteriano-veridico-600x600.jpg 600w, https:\/\/drogueriapyz.com\/wp-content\/uploads\/2021\/06\/filtro-bacteriano-veridico-96x96.jpg 96w, https:\/\/drogueriapyz.com\/wp-content\/uploads\/2021\/06\/filtro-bacteriano-veridico-460x460.jpg 460w\" sizes=\"(max-width: 1000px) 100vw, 1000px\" \/>\t\t\t\t\t\t\t\t<\/a>\n\t\t\t\t\t\t\t\t\t\t\t\t\t\t\t<\/div>\n\t\t\t\t<\/div>\n\t\t\t\t<div class=\"elementor-element elementor-element-b64c371 elementor-widget elementor-widget-heading\" data-id=\"b64c371\" data-element_type=\"widget\" data-e-type=\"widget\" data-widget_type=\"heading.default\">\n\t\t\t\t<div class=\"elementor-widget-container\">\n\t\t\t\t\t<h2 class=\"elementor-heading-title elementor-size-default\">Filtro Bacteriano<\/h2>\t\t\t\t<\/div>\n\t\t\t\t<\/div>\n\t\t\t\t<div class=\"elementor-element elementor-element-6819a57 elementor-widget elementor-widget-text-editor\" data-id=\"6819a57\" data-element_type=\"widget\" data-e-type=\"widget\" data-widget_type=\"text-editor.default\">\n\t\t\t\t<div class=\"elementor-widget-container\">\n\t\t\t\t\t\t\t\t\t<p>Filtro Bacteriano para uso adulto y pedi\u00e1trico, con una eficiencia bacteriana de 99,999990% y v\u00edrica del 99,9981% sin necesidad de boquilla adicional.<\/p>\t\t\t\t\t\t\t\t<\/div>\n\t\t\t\t<\/div>\n\t\t\t\t<div class=\"elementor-element elementor-element-4b32032 elementor-align-center elementor-widget elementor-widget-button\" data-id=\"4b32032\" data-element_type=\"widget\" data-e-type=\"widget\" data-widget_type=\"button.default\">\n\t\t\t\t<div class=\"elementor-widget-container\">\n\t\t\t\t\t\t\t\t\t<div class=\"elementor-button-wrapper\">\n\t\t\t\t\t<a class=\"elementor-button elementor-button-link elementor-size-md elementor-animation-shrink\" href=\"https:\/\/drogueriapyz.com\/filtro-bacteriano\/\">\n\t\t\t\t\t\t<span class=\"elementor-button-content-wrapper\">\n\t\t\t\t\t\t<span class=\"elementor-button-icon\">\n\t\t\t\t<i aria-hidden=\"true\" class=\"fas fa-angle-right\"><\/i>\t\t\t<\/span>\n\t\t\t\t\t\t\t\t\t<span class=\"elementor-button-text\">Mas informaci\u00f3n<\/span>\n\t\t\t\t\t<\/span>\n\t\t\t\t\t<\/a>\n\t\t\t\t<\/div>\n\t\t\t\t\t\t\t\t<\/div>\n\t\t\t\t<\/div>\n\t\t\t\t\t<\/div>\n\t\t<\/div>\n\t\t\t\t<div class=\"elementor-column elementor-col-25 elementor-top-column elementor-element elementor-element-d2dea97\" data-id=\"d2dea97\" data-element_type=\"column\" data-e-type=\"column\" data-settings=\"{&quot;background_background&quot;:&quot;classic&quot;}\">\n\t\t\t<div class=\"elementor-widget-wrap elementor-element-populated\">\n\t\t\t\t\t\t<div class=\"elementor-element elementor-element-f528c86 elementor-widget elementor-widget-image\" data-id=\"f528c86\" data-element_type=\"widget\" data-e-type=\"widget\" data-widget_type=\"image.default\">\n\t\t\t\t<div class=\"elementor-widget-container\">\n\t\t\t\t\t\t\t\t\t\t\t\t\t\t\t\t<a href=\"https:\/\/drogueriapyz.com\/datospir-touch-espirometro-de-sobremesa\/\">\n\t\t\t\t\t\t\t<img decoding=\"async\" width=\"1000\" height=\"1000\" src=\"https:\/\/drogueriapyz.com\/wp-content\/uploads\/2020\/09\/boquillas-de-28mm.jpg\" class=\"elementor-animation-shrink attachment-large size-large wp-image-3306\" alt=\"Boquilla para espir\u00f3metro\" srcset=\"https:\/\/drogueriapyz.com\/wp-content\/uploads\/2020\/09\/boquillas-de-28mm.jpg 1000w, https:\/\/drogueriapyz.com\/wp-content\/uploads\/2020\/09\/boquillas-de-28mm-300x300.jpg 300w, https:\/\/drogueriapyz.com\/wp-content\/uploads\/2020\/09\/boquillas-de-28mm-150x150.jpg 150w, https:\/\/drogueriapyz.com\/wp-content\/uploads\/2020\/09\/boquillas-de-28mm-768x768.jpg 768w, https:\/\/drogueriapyz.com\/wp-content\/uploads\/2020\/09\/boquillas-de-28mm-500x500.jpg 500w, https:\/\/drogueriapyz.com\/wp-content\/uploads\/2020\/09\/boquillas-de-28mm-700x700.jpg 700w, https:\/\/drogueriapyz.com\/wp-content\/uploads\/2020\/09\/boquillas-de-28mm-100x100.jpg 100w, https:\/\/drogueriapyz.com\/wp-content\/uploads\/2020\/09\/boquillas-de-28mm-600x600.jpg 600w, https:\/\/drogueriapyz.com\/wp-content\/uploads\/2020\/09\/boquillas-de-28mm-96x96.jpg 96w, https:\/\/drogueriapyz.com\/wp-content\/uploads\/2020\/09\/boquillas-de-28mm-460x460.jpg 460w\" sizes=\"(max-width: 1000px) 100vw, 1000px\" \/>\t\t\t\t\t\t\t\t<\/a>\n\t\t\t\t\t\t\t\t\t\t\t\t\t\t\t<\/div>\n\t\t\t\t<\/div>\n\t\t\t\t<div class=\"elementor-element elementor-element-9c40e37 elementor-widget elementor-widget-heading\" data-id=\"9c40e37\" data-element_type=\"widget\" data-e-type=\"widget\" data-widget_type=\"heading.default\">\n\t\t\t\t<div class=\"elementor-widget-container\">\n\t\t\t\t\t<h2 class=\"elementor-heading-title elementor-size-default\">Boquillas<\/h2>\t\t\t\t<\/div>\n\t\t\t\t<\/div>\n\t\t\t\t<div class=\"elementor-element elementor-element-33b47ab elementor-widget elementor-widget-text-editor\" data-id=\"33b47ab\" data-element_type=\"widget\" data-e-type=\"widget\" data-widget_type=\"text-editor.default\">\n\t\t\t\t<div class=\"elementor-widget-container\">\n\t\t\t\t\t\t\t\t\t<p>En Droguer\u00eda P&amp;Z encontrar\u00e1 consumibles \u2013 boquillas de papel desechable con envoltura individual, presentaci\u00f3n por 250 unidades, tenemos stock para entrega inmediata a Lima y provincia.<\/p>\t\t\t\t\t\t\t\t<\/div>\n\t\t\t\t<\/div>\n\t\t\t\t<div class=\"elementor-element elementor-element-dbadf8e elementor-align-center elementor-widget elementor-widget-button\" data-id=\"dbadf8e\" data-element_type=\"widget\" data-e-type=\"widget\" data-widget_type=\"button.default\">\n\t\t\t\t<div class=\"elementor-widget-container\">\n\t\t\t\t\t\t\t\t\t<div class=\"elementor-button-wrapper\">\n\t\t\t\t\t<a class=\"elementor-button elementor-button-link elementor-size-md elementor-animation-shrink\" href=\"https:\/\/drogueriapyz.com\/producto\/boquillas-para-espirometria\/\">\n\t\t\t\t\t\t<span class=\"elementor-button-content-wrapper\">\n\t\t\t\t\t\t<span class=\"elementor-button-icon\">\n\t\t\t\t<i aria-hidden=\"true\" class=\"fas fa-angle-right\"><\/i>\t\t\t<\/span>\n\t\t\t\t\t\t\t\t\t<span class=\"elementor-button-text\">Mas informaci\u00f3n<\/span>\n\t\t\t\t\t<\/span>\n\t\t\t\t\t<\/a>\n\t\t\t\t<\/div>\n\t\t\t\t\t\t\t\t<\/div>\n\t\t\t\t<\/div>\n\t\t\t\t\t<\/div>\n\t\t<\/div>\n\t\t\t\t<div class=\"elementor-column elementor-col-25 elementor-top-column elementor-element elementor-element-926fe1a\" data-id=\"926fe1a\" data-element_type=\"column\" data-e-type=\"column\" data-settings=\"{&quot;background_background&quot;:&quot;classic&quot;}\">\n\t\t\t<div class=\"elementor-widget-wrap\">\n\t\t\t\t\t\t\t<\/div>\n\t\t<\/div>\n\t\t\t\t\t<\/div>\n\t\t<\/section>\n\t\t\t\t<\/div>\n\t\t","protected":false},"excerpt":{"rendered":"<p>Filtro Bacteriano Filtro Bacteriano para uso adulto y pedi\u00e1trico, con una eficiencia bacteriana de 99,999990% y v\u00edrica del 99,9981% sin [&hellip;]<\/p>\n","protected":false},"author":1,"featured_media":0,"parent":0,"menu_order":0,"comment_status":"closed","ping_status":"closed","template":"","meta":{"site-sidebar-layout":"default","site-content-layout":"","ast-site-content-layout":"default","site-content-style":"default","site-sidebar-style":"default","ast-global-header-display":"","ast-banner-title-visibility":"","ast-main-header-display":"","ast-hfb-above-header-display":"","ast-hfb-below-header-display":"","ast-hfb-mobile-header-display":"","site-post-title":"disabled","ast-breadcrumbs-content":"","ast-featured-img":"","footer-sml-layout":"","ast-disable-related-posts":"","theme-transparent-header-meta":"","adv-header-id-meta":"","stick-header-meta":"","header-above-stick-meta":"","header-main-stick-meta":"","header-below-stick-meta":"","astra-migrate-meta-layouts":"default","ast-page-background-enabled":"default","ast-page-background-meta":{"desktop":{"background-color":"var(--ast-global-color-5)","background-image":"","background-repeat":"repeat","background-position":"center center","background-size":"auto","background-attachment":"scroll","background-type":"","background-media":"","overlay-type":"","overlay-color":"","overlay-opacity":"","overlay-gradient":""},"tablet":{"background-color":"","background-image":"","background-repeat":"repeat","background-position":"center center","background-size":"auto","background-attachment":"scroll","background-type":"","background-media":"","overlay-type":"","overlay-color":"","overlay-opacity":"","overlay-gradient":""},"mobile":{"background-color":"","background-image":"","background-repeat":"repeat","background-position":"center center","background-size":"auto","background-attachment":"scroll","background-type":"","background-media":"","overlay-type":"","overlay-color":"","overlay-opacity":"","overlay-gradient":""}},"ast-content-background-meta":{"desktop":{"background-color":"var(--ast-global-color-4)","background-image":"","background-repeat":"repeat","background-position":"center center","background-size":"auto","background-attachment":"scroll","background-type":"","background-media":"","overlay-type":"","overlay-color":"","overlay-opacity":"","overlay-gradient":""},"tablet":{"background-color":"var(--ast-global-color-4)","background-image":"","background-repeat":"repeat","background-position":"center center","background-size":"auto","background-attachment":"scroll","background-type":"","background-media":"","overlay-type":"","overlay-color":"","overlay-opacity":"","overlay-gradient":""},"mobile":{"background-color":"var(--ast-global-color-4)","background-image":"","background-repeat":"repeat","background-position":"center center","background-size":"auto","background-attachment":"scroll","background-type":"","background-media":"","overlay-type":"","overlay-color":"","overlay-opacity":"","overlay-gradient":""}},"footnotes":""},"class_list":["post-4050","page","type-page","status-publish","hentry"],"yoast_head":"<!-- This site is optimized with the Yoast SEO plugin v27.4 - https:\/\/yoast.com\/product\/yoast-seo-wordpress\/ -->\n<title>Consumibles Espirometr\u00eda -<\/title>\n<meta name=\"robots\" content=\"index, follow, max-snippet:-1, max-image-preview:large, max-video-preview:-1\" \/>\n<link rel=\"canonical\" href=\"https:\/\/drogueriapyz.com\/?page_id=4050\" \/>\n<meta property=\"og:locale\" content=\"es_ES\" \/>\n<meta property=\"og:type\" content=\"article\" \/>\n<meta property=\"og:title\" content=\"Consumibles Espirometr\u00eda -\" \/>\n<meta property=\"og:description\" content=\"Filtro Bacteriano Filtro Bacteriano para uso adulto y pedi\u00e1trico, con una eficiencia bacteriana de 99,999990% y v\u00edrica del 99,9981% sin [&hellip;]\" \/>\n<meta property=\"og:url\" content=\"https:\/\/drogueriapyz.com\/?page_id=4050\" \/>\n<meta property=\"article:publisher\" content=\"https:\/\/www.facebook.com\/www.pyzconsultores\" \/>\n<meta property=\"article:modified_time\" content=\"2026-03-31T23:08:49+00:00\" \/>\n<meta property=\"og:image\" content=\"https:\/\/drogueriapyz.com\/wp-content\/uploads\/2021\/06\/filtro-bacteriano-veridico.jpg\" \/>\n<meta name=\"twitter:card\" content=\"summary_large_image\" \/>\n<meta name=\"twitter:label1\" content=\"Tiempo de lectura\" \/>\n\t<meta name=\"twitter:data1\" content=\"1 minuto\" \/>\n<script type=\"application\/ld+json\" class=\"yoast-schema-graph\">{\"@context\":\"https:\\\/\\\/schema.org\",\"@graph\":[{\"@type\":\"WebPage\",\"@id\":\"https:\\\/\\\/drogueriapyz.com\\\/?page_id=4050\",\"url\":\"https:\\\/\\\/drogueriapyz.com\\\/?page_id=4050\",\"name\":\"Consumibles Espirometr\u00eda -\",\"isPartOf\":{\"@id\":\"https:\\\/\\\/drogueriapyz.com\\\/#website\"},\"primaryImageOfPage\":{\"@id\":\"https:\\\/\\\/drogueriapyz.com\\\/?page_id=4050#primaryimage\"},\"image\":{\"@id\":\"https:\\\/\\\/drogueriapyz.com\\\/?page_id=4050#primaryimage\"},\"thumbnailUrl\":\"https:\\\/\\\/drogueriapyz.com\\\/wp-content\\\/uploads\\\/2021\\\/06\\\/filtro-bacteriano-veridico.jpg\",\"datePublished\":\"2021-08-15T16:45:09+00:00\",\"dateModified\":\"2026-03-31T23:08:49+00:00\",\"breadcrumb\":{\"@id\":\"https:\\\/\\\/drogueriapyz.com\\\/?page_id=4050#breadcrumb\"},\"inLanguage\":\"es\",\"potentialAction\":[{\"@type\":\"ReadAction\",\"target\":[\"https:\\\/\\\/drogueriapyz.com\\\/?page_id=4050\"]}]},{\"@type\":\"ImageObject\",\"inLanguage\":\"es\",\"@id\":\"https:\\\/\\\/drogueriapyz.com\\\/?page_id=4050#primaryimage\",\"url\":\"https:\\\/\\\/drogueriapyz.com\\\/wp-content\\\/uploads\\\/2021\\\/06\\\/filtro-bacteriano-veridico.jpg\",\"contentUrl\":\"https:\\\/\\\/drogueriapyz.com\\\/wp-content\\\/uploads\\\/2021\\\/06\\\/filtro-bacteriano-veridico.jpg\",\"width\":1000,\"height\":1000,\"caption\":\"filtro bacteriano de 28mm\"},{\"@type\":\"BreadcrumbList\",\"@id\":\"https:\\\/\\\/drogueriapyz.com\\\/?page_id=4050#breadcrumb\",\"itemListElement\":[{\"@type\":\"ListItem\",\"position\":1,\"name\":\"Inicio\",\"item\":\"https:\\\/\\\/drogueriapyz.com\\\/\"},{\"@type\":\"ListItem\",\"position\":2,\"name\":\"Consumibles Espirometr\u00eda\"}]},{\"@type\":\"WebSite\",\"@id\":\"https:\\\/\\\/drogueriapyz.com\\\/#website\",\"url\":\"https:\\\/\\\/drogueriapyz.com\\\/\",\"name\":\"Drogueria P&Z\",\"description\":\"\",\"publisher\":{\"@id\":\"https:\\\/\\\/drogueriapyz.com\\\/#organization\"},\"potentialAction\":[{\"@type\":\"SearchAction\",\"target\":{\"@type\":\"EntryPoint\",\"urlTemplate\":\"https:\\\/\\\/drogueriapyz.com\\\/?s={search_term_string}\"},\"query-input\":{\"@type\":\"PropertyValueSpecification\",\"valueRequired\":true,\"valueName\":\"search_term_string\"}}],\"inLanguage\":\"es\"},{\"@type\":\"Organization\",\"@id\":\"https:\\\/\\\/drogueriapyz.com\\\/#organization\",\"name\":\"P&Z Consultores\",\"url\":\"https:\\\/\\\/drogueriapyz.com\\\/\",\"logo\":{\"@type\":\"ImageObject\",\"inLanguage\":\"es\",\"@id\":\"https:\\\/\\\/drogueriapyz.com\\\/#\\\/schema\\\/logo\\\/image\\\/\",\"url\":\"https:\\\/\\\/drogueriapyz.com\\\/wp-content\\\/uploads\\\/2026\\\/03\\\/logo-pyz-website.png\",\"contentUrl\":\"https:\\\/\\\/drogueriapyz.com\\\/wp-content\\\/uploads\\\/2026\\\/03\\\/logo-pyz-website.png\",\"width\":1292,\"height\":431,\"caption\":\"P&Z Consultores\"},\"image\":{\"@id\":\"https:\\\/\\\/drogueriapyz.com\\\/#\\\/schema\\\/logo\\\/image\\\/\"},\"sameAs\":[\"https:\\\/\\\/www.facebook.com\\\/www.pyzconsultores\",\"https:\\\/\\\/www.tiktok.com\\\/@pyzconsultores\"]}]}<\/script>\n<!-- \/ Yoast SEO plugin. -->","yoast_head_json":{"title":"Consumibles Espirometr\u00eda -","robots":{"index":"index","follow":"follow","max-snippet":"max-snippet:-1","max-image-preview":"max-image-preview:large","max-video-preview":"max-video-preview:-1"},"canonical":"https:\/\/drogueriapyz.com\/?page_id=4050","og_locale":"es_ES","og_type":"article","og_title":"Consumibles Espirometr\u00eda -","og_description":"Filtro Bacteriano Filtro Bacteriano para uso adulto y pedi\u00e1trico, con una eficiencia bacteriana de 99,999990% y v\u00edrica del 99,9981% sin [&hellip;]","og_url":"https:\/\/drogueriapyz.com\/?page_id=4050","article_publisher":"https:\/\/www.facebook.com\/www.pyzconsultores","article_modified_time":"2026-03-31T23:08:49+00:00","og_image":[{"url":"https:\/\/drogueriapyz.com\/wp-content\/uploads\/2021\/06\/filtro-bacteriano-veridico.jpg","type":"","width":"","height":""}],"twitter_card":"summary_large_image","twitter_misc":{"Tiempo de lectura":"1 minuto"},"schema":{"@context":"https:\/\/schema.org","@graph":[{"@type":"WebPage","@id":"https:\/\/drogueriapyz.com\/?page_id=4050","url":"https:\/\/drogueriapyz.com\/?page_id=4050","name":"Consumibles Espirometr\u00eda -","isPartOf":{"@id":"https:\/\/drogueriapyz.com\/#website"},"primaryImageOfPage":{"@id":"https:\/\/drogueriapyz.com\/?page_id=4050#primaryimage"},"image":{"@id":"https:\/\/drogueriapyz.com\/?page_id=4050#primaryimage"},"thumbnailUrl":"https:\/\/drogueriapyz.com\/wp-content\/uploads\/2021\/06\/filtro-bacteriano-veridico.jpg","datePublished":"2021-08-15T16:45:09+00:00","dateModified":"2026-03-31T23:08:49+00:00","breadcrumb":{"@id":"https:\/\/drogueriapyz.com\/?page_id=4050#breadcrumb"},"inLanguage":"es","potentialAction":[{"@type":"ReadAction","target":["https:\/\/drogueriapyz.com\/?page_id=4050"]}]},{"@type":"ImageObject","inLanguage":"es","@id":"https:\/\/drogueriapyz.com\/?page_id=4050#primaryimage","url":"https:\/\/drogueriapyz.com\/wp-content\/uploads\/2021\/06\/filtro-bacteriano-veridico.jpg","contentUrl":"https:\/\/drogueriapyz.com\/wp-content\/uploads\/2021\/06\/filtro-bacteriano-veridico.jpg","width":1000,"height":1000,"caption":"filtro bacteriano de 28mm"},{"@type":"BreadcrumbList","@id":"https:\/\/drogueriapyz.com\/?page_id=4050#breadcrumb","itemListElement":[{"@type":"ListItem","position":1,"name":"Inicio","item":"https:\/\/drogueriapyz.com\/"},{"@type":"ListItem","position":2,"name":"Consumibles Espirometr\u00eda"}]},{"@type":"WebSite","@id":"https:\/\/drogueriapyz.com\/#website","url":"https:\/\/drogueriapyz.com\/","name":"Drogueria P&Z","description":"","publisher":{"@id":"https:\/\/drogueriapyz.com\/#organization"},"potentialAction":[{"@type":"SearchAction","target":{"@type":"EntryPoint","urlTemplate":"https:\/\/drogueriapyz.com\/?s={search_term_string}"},"query-input":{"@type":"PropertyValueSpecification","valueRequired":true,"valueName":"search_term_string"}}],"inLanguage":"es"},{"@type":"Organization","@id":"https:\/\/drogueriapyz.com\/#organization","name":"P&Z Consultores","url":"https:\/\/drogueriapyz.com\/","logo":{"@type":"ImageObject","inLanguage":"es","@id":"https:\/\/drogueriapyz.com\/#\/schema\/logo\/image\/","url":"https:\/\/drogueriapyz.com\/wp-content\/uploads\/2026\/03\/logo-pyz-website.png","contentUrl":"https:\/\/drogueriapyz.com\/wp-content\/uploads\/2026\/03\/logo-pyz-website.png","width":1292,"height":431,"caption":"P&Z Consultores"},"image":{"@id":"https:\/\/drogueriapyz.com\/#\/schema\/logo\/image\/"},"sameAs":["https:\/\/www.facebook.com\/www.pyzconsultores","https:\/\/www.tiktok.com\/@pyzconsultores"]}]}},"jetpack_sharing_enabled":true,"_links":{"self":[{"href":"https:\/\/drogueriapyz.com\/index.php?rest_route=\/wp\/v2\/pages\/4050","targetHints":{"allow":["GET"]}}],"collection":[{"href":"https:\/\/drogueriapyz.com\/index.php?rest_route=\/wp\/v2\/pages"}],"about":[{"href":"https:\/\/drogueriapyz.com\/index.php?rest_route=\/wp\/v2\/types\/page"}],"author":[{"embeddable":true,"href":"https:\/\/drogueriapyz.com\/index.php?rest_route=\/wp\/v2\/users\/1"}],"replies":[{"embeddable":true,"href":"https:\/\/drogueriapyz.com\/index.php?rest_route=%2Fwp%2Fv2%2Fcomments&post=4050"}],"version-history":[{"count":43,"href":"https:\/\/drogueriapyz.com\/index.php?rest_route=\/wp\/v2\/pages\/4050\/revisions"}],"predecessor-version":[{"id":7123,"href":"https:\/\/drogueriapyz.com\/index.php?rest_route=\/wp\/v2\/pages\/4050\/revisions\/7123"}],"wp:attachment":[{"href":"https:\/\/drogueriapyz.com\/index.php?rest_route=%2Fwp%2Fv2%2Fmedia&parent=4050"}],"curies":[{"name":"wp","href":"https:\/\/api.w.org\/{rel}","templated":true}]}}